{"id":302,"date":"2025-12-15T21:38:13","date_gmt":"2025-12-15T21:38:13","guid":{"rendered":"https:\/\/www.lmppvees.com\/?page_id=302"},"modified":"2025-12-17T12:04:59","modified_gmt":"2025-12-17T12:04:59","slug":"conocenos-nuestra-mision-vision-y-valores","status":"publish","type":"page","link":"https:\/\/www.lmppvees.com\/en\/conocenos-nuestra-mision-vision-y-valores\/","title":{"rendered":"Con\u00f3cenos"},"content":{"rendered":"[et_pb_section fb_built=\u00bb1&#8243; theme_builder_area=\u00bbpost_content\u00bb _builder_version=\u00bb4.27.5&#8243; _module_preset=\u00bbdefault\u00bb hover_enabled=\u00bb0&#8243; sticky_enabled=\u00bb0&#8243; title_text=\u00bbEsencia de Cantabria\u00bb background_image=\u00bbhttps:\/\/www.lmppvees.com\/wp-content\/uploads\/2025\/12\/Gemini_Generated_Image_gcda77gcda77gcda.png\u00bb use_background_color_gradient=\u00bbon\u00bb background_color_gradient_stops=\u00bbrgba(0,0,0,0.1) 0%|rgba(0,0,0,0.04) 100%\u00bb][et_pb_row _builder_version=\u00bb4.27.5&#8243; _module_preset=\u00bbdefault\u00bb theme_builder_area=\u00bbpost_content\u00bb][et_pb_column _builder_version=\u00bb4.27.5&#8243; _module_preset=\u00bbdefault\u00bb type=\u00bb4_4&#8243; theme_builder_area=\u00bbpost_content\u00bb][et_pb_heading title=\u00bbCon\u00f3cenos: Tu Gu\u00eda Esencial para Cantabria\u00bb _builder_version=\u00bb4.27.5&#8243; _module_preset=\u00bbdefault\u00bb theme_builder_area=\u00bbpost_content\u00bb title_font=\u00bb&#8211;et_global_heading_font|700|||||||\u00bb title_text_align=\u00bbcenter\u00bb hover_enabled=\u00bb0&#8243; sticky_enabled=\u00bb0&#8243; title_text_color=\u00bb#ffffff\u00bb title_font_size=\u00bb42px\u00bb][\/et_pb_heading][et_pb_text _builder_version=\u00bb4.27.5&#8243; _module_preset=\u00bbdefault\u00bb theme_builder_area=\u00bbpost_content\u00bb header_font=\u00bb&#8211;et_global_body_font||||||||\u00bb header_font_size=\u00bb33px\u00bb module_alignment=\u00bbcenter\u00bb hover_enabled=\u00bb0&#8243; sticky_enabled=\u00bb0&#8243; custom_margin=\u00bb0px||12px||false|false\u00bb custom_padding=\u00bb60px||||false|false\u00bb text_font=\u00bb&#8211;et_global_body_font||||||||\u00bb text_font_size=\u00bb20px\u00bb text_line_height=\u00bb1.8em\u00bb text_text_color=\u00bb#FFFFFF\u00bb]<h2 data-path-to-node=\"4\"><span style=\"color: #ffffff;\"><strong>\u00bfQui\u00e9nes Somos?<\/strong><\/span><\/h2>\n<p data-path-to-node=\"5\"><\/p>\n<p data-path-to-node=\"5\"><\/p>\n<p data-path-to-node=\"5\">Somos un equipo de <b>apasionados por Cantabria<\/b>, comprometidos con la divulgaci\u00f3n de todo lo que esta maravillosa comunidad aut\u00f3noma tiene para ofrecer. Desde la bravura de sus costas y la belleza de sus monta\u00f1as hasta el rico patrimonio cultural y la exquisita gastronom\u00eda, vivimos y respiramos Cantabria.<\/p>\n<p data-path-to-node=\"6\">Creamos <b>\u00abTu Gu\u00eda Esencial para conocer Cantabria\u00bb<\/b> con una doble misi\u00f3n en mente: ser el <b>recurso n\u00famero uno<\/b> que conecta a los residentes con su entorno diario y, al mismo tiempo, ser el <b>mapa detallado<\/b> para que cada turista experimente la verdadera esencia de la regi\u00f3n.<\/p>\n<blockquote data-path-to-node=\"7\">\n<p data-path-to-node=\"7,0\"><b>Somos el puente que une la informaci\u00f3n relevante con la experiencia inolvidable.<\/b><\/p>\n<\/blockquote>[\/et_pb_text][\/et_pb_column][\/et_pb_row][\/et_pb_section][et_pb_section fb_built=\u00bb1&#8243; theme_builder_area=\u00bbpost_content\u00bb _builder_version=\u00bb4.27.5&#8243; _module_preset=\u00bbdefault\u00bb custom_padding=\u00bb3px|||||\u00bb][et_pb_row _builder_version=\u00bb4.27.5&#8243; _module_preset=\u00bbdefault\u00bb column_structure=\u00bb1_2,1_2&#8243; theme_builder_area=\u00bbpost_content\u00bb][et_pb_column _builder_version=\u00bb4.27.5&#8243; _module_preset=\u00bbdefault\u00bb type=\u00bb1_2&#8243; theme_builder_area=\u00bbpost_content\u00bb][et_pb_blurb title=\u00bb&#x1f3af; Nuestra Misi\u00f3n \u00bb _builder_version=\u00bb4.27.5&#8243; _module_preset=\u00bbdefault\u00bb theme_builder_area=\u00bbpost_content\u00bb hover_enabled=\u00bb0&#8243; sticky_enabled=\u00bb0&#8243; use_icon=\u00bbon\u00bb font_icon=\u00bb&#xe0f5;||divi||400&#8243; content_max_width=\u00bb648px\u00bb icon_color=\u00bb#E02B20&#8243; image_icon_width=\u00bb200px\u00bb]<p data-path-to-node=\"9\">Nuestra misi\u00f3n es ser la <b>plataforma de referencia m\u00e1s completa y actualizada<\/b> sobre Cantabria. Nos dedicamos a recopilar, organizar y presentar informaci\u00f3n \u00fatil y variada para dos audiencias clave:<\/p>\n<ol start=\"1\" data-path-to-node=\"10\">\n<li>\n<p data-path-to-node=\"10,0,0\"><b>Para el Ciudadano Local:<\/b> Proporcionar noticias, horarios, contactos (centros de salud, transporte, hospitales), cartelera (cines, teatros), y actividades para facilitar su vida diaria y asegurar que est\u00e9n al tanto de todo lo que ocurre en su comunidad.<\/p>\n<\/li>\n<li>\n<p data-path-to-node=\"10,1,0\"><b>Para el Turista y Viajero:<\/b> Ofrecer una gu\u00eda exhaustiva de puntos de inter\u00e9s, desde playas y museos hasta restaurantes, rutas de senderismo y recetas de platos t\u00edpicos, garantizando que su visita est\u00e9 llena de cultura, sabor y tradiciones aut\u00e9nticas.<\/p>\n<\/li>\n<\/ol>\n<p data-path-to-node=\"11\"><b>En resumen, nuestra misi\u00f3n es mantener a la comunidad conectada e informada.<\/b><\/p>[\/et_pb_blurb][\/et_pb_column][et_pb_column _builder_version=\u00bb4.27.5&#8243; _module_preset=\u00bbdefault\u00bb type=\u00bb1_2&#8243; theme_builder_area=\u00bbpost_content\u00bb][et_pb_blurb title=\u00bb&#x1f31f; Nuestra Visi\u00f3n\u00bb _builder_version=\u00bb4.27.5&#8243; _module_preset=\u00bbdefault\u00bb theme_builder_area=\u00bbpost_content\u00bb hover_enabled=\u00bb0&#8243; sticky_enabled=\u00bb0&#8243; use_icon=\u00bbon\u00bb font_icon=\u00bb&#xf666;||fa||900&#8243; icon_color=\u00bb#E09900&#8243; image_icon_width=\u00bb200px\u00bb child_filter_hue_rotate=\u00bb53deg\u00bb child_filter_saturate=\u00bb79%\u00bb child_filter_brightness=\u00bb90%\u00bb child_filter_contrast=\u00bb74%\u00bb border_color_all_image=\u00bb#EDF000&#8243;]<p data-path-to-node=\"13\">Aspiramos a convertirnos en el <b>motor digital de la vida en Cantabria<\/b>, siendo reconocidos a nivel nacional e internacional como la fuente de informaci\u00f3n m\u00e1s fiable, cercana y completa sobre la regi\u00f3n.<\/p>\n<p data-path-to-node=\"14\">Visualizamos un futuro donde:<\/p>\n<ul>\n<li style=\"list-style-type: none;\">\n<ul>\n<li style=\"list-style-type: none;\">\n<ul data-path-to-node=\"15\">\n<li>\n<p data-path-to-node=\"15,0,0\"><b>\u00abTu Gu\u00eda Esencial\u00bb<\/b> sea el primer y \u00faltimo clic para planificar cualquier actividad o viaje en Cantabria.<\/p>\n<\/li>\n<li>\n<p data-path-to-node=\"15,1,0\">Fomentemos un <b>turismo sostenible<\/b> y respetuoso con la cultura y el medio ambiente c\u00e1ntabro.<\/p>\n<\/li>\n<li>\n<p data-path-to-node=\"15,2,0\">Fortalezcamos el <b>sentido de comunidad<\/b> entre los residentes, facilitando el acceso a servicios esenciales y la participaci\u00f3n en la vida cultural.<\/p>\n<\/li>\n<li>\n<p data-path-to-node=\"15,3,0\">Nuestra plataforma contribuya activamente a la <b>promoci\u00f3n de los negocios locales<\/b>, desde peque\u00f1os restaurantes hasta grandes centros culturales.<\/p>\n<\/li>\n<\/ul>\n<\/li>\n<\/ul>\n<\/li>\n<\/ul>[\/et_pb_blurb][\/et_pb_column][\/et_pb_row][\/et_pb_section][et_pb_section fb_built=\u00bb1&#8243; theme_builder_area=\u00bbpost_content\u00bb _builder_version=\u00bb4.27.5&#8243; _module_preset=\u00bbdefault\u00bb][et_pb_row _builder_version=\u00bb4.27.5&#8243; _module_preset=\u00bbdefault\u00bb theme_builder_area=\u00bbpost_content\u00bb][et_pb_column _builder_version=\u00bb4.27.5&#8243; _module_preset=\u00bbdefault\u00bb type=\u00bb4_4&#8243; theme_builder_area=\u00bbpost_content\u00bb][et_pb_heading title=\u00bb%22Nuestros Valores%22&#8243; _builder_version=\u00bb4.27.5&#8243; _module_preset=\u00bbdefault\u00bb theme_builder_area=\u00bbpost_content\u00bb background_color=\u00bb#FFFFFF\u00bb hover_enabled=\u00bb0&#8243; sticky_enabled=\u00bb0&#8243; title_font=\u00bb&#8211;et_global_heading_font|700|||||||\u00bb title_text_align=\u00bbcenter\u00bb][\/et_pb_heading][\/et_pb_column][\/et_pb_row][et_pb_row _builder_version=\u00bb4.27.5&#8243; _module_preset=\u00bbdefault\u00bb column_structure=\u00bb1_4,1_4,1_4,1_4&#8243; theme_builder_area=\u00bbpost_content\u00bb][et_pb_column _builder_version=\u00bb4.27.5&#8243; _module_preset=\u00bbdefault\u00bb type=\u00bb1_4&#8243; theme_builder_area=\u00bbpost_content\u00bb][et_pb_blurb title=\u00bbIntegridad\u00bb _builder_version=\u00bb4.27.5&#8243; _module_preset=\u00bbdefault\u00bb theme_builder_area=\u00bbpost_content\u00bb use_icon=\u00bbon\u00bb font_icon=\u00bb&#xf3ed;||fa||900&#8243; icon_color=\u00bb#000000&#8243; image_icon_width=\u00bb100px\u00bb text_orientation=\u00bbcenter\u00bb header_level=\u00bbh1&#8243; header_font=\u00bb&#8211;et_global_heading_font|800|||||||\u00bb header_text_align=\u00bbcenter\u00bb header_text_color=\u00bb#000000&#8243; hover_enabled=\u00bb0&#8243; sticky_enabled=\u00bb0&#8243;][\/et_pb_blurb][\/et_pb_column][et_pb_column _builder_version=\u00bb4.27.5&#8243; _module_preset=\u00bbdefault\u00bb type=\u00bb1_4&#8243; theme_builder_area=\u00bbpost_content\u00bb][et_pb_blurb title=\u00bbPasi\u00f3n\u00bb _builder_version=\u00bb4.27.5&#8243; _module_preset=\u00bbdefault\u00bb theme_builder_area=\u00bbpost_content\u00bb use_icon=\u00bbon\u00bb font_icon=\u00bb&#xf004;||fa||900&#8243; icon_color=\u00bb#000000&#8243; image_icon_width=\u00bb100px\u00bb header_level=\u00bbh1&#8243; header_font=\u00bb&#8211;et_global_heading_font|800|||||||\u00bb header_text_color=\u00bb#000000&#8243; header_text_align=\u00bbcenter\u00bb hover_enabled=\u00bb0&#8243; sticky_enabled=\u00bb0&#8243;][\/et_pb_blurb][\/et_pb_column][et_pb_column _builder_version=\u00bb4.27.5&#8243; _module_preset=\u00bbdefault\u00bb type=\u00bb1_4&#8243; theme_builder_area=\u00bbpost_content\u00bb][et_pb_blurb title=\u00bbUtilidad\u00bb _builder_version=\u00bb4.27.5&#8243; _module_preset=\u00bbdefault\u00bb theme_builder_area=\u00bbpost_content\u00bb use_icon=\u00bbon\u00bb font_icon=\u00bb&#xf0ad;||fa||900&#8243; icon_color=\u00bb#000000&#8243; image_icon_width=\u00bb100px\u00bb header_level=\u00bbh1&#8243; header_font=\u00bb&#8211;et_global_heading_font|800|||||||\u00bb header_text_align=\u00bbcenter\u00bb header_font_size=\u00bb30px\u00bb hover_enabled=\u00bb0&#8243; sticky_enabled=\u00bb0&#8243;][\/et_pb_blurb][\/et_pb_column][et_pb_column _builder_version=\u00bb4.27.5&#8243; _module_preset=\u00bbdefault\u00bb type=\u00bb1_4&#8243; theme_builder_area=\u00bbpost_content\u00bb][et_pb_blurb title=\u00bbComunidad\u00bb _builder_version=\u00bb4.27.5&#8243; _module_preset=\u00bbdefault\u00bb theme_builder_area=\u00bbpost_content\u00bb use_icon=\u00bbon\u00bb font_icon=\u00bb&#xf0c0;||fa||900&#8243; icon_color=\u00bb#000000&#8243; image_icon_width=\u00bb100px\u00bb header_level=\u00bbh1&#8243; header_font=\u00bb&#8211;et_global_heading_font|800|||||||\u00bb header_text_align=\u00bbcenter\u00bb hover_enabled=\u00bb0&#8243; sticky_enabled=\u00bb0&#8243;][\/et_pb_blurb][\/et_pb_column][\/et_pb_row][\/et_pb_section]","protected":false},"excerpt":{"rendered":"<p>\u00bfQui\u00e9nes Somos? Somos un equipo de apasionados por Cantabria, comprometidos con la divulgaci\u00f3n de todo lo que esta maravillosa comunidad aut\u00f3noma tiene para ofrecer. Desde la bravura de sus costas y la belleza de sus monta\u00f1as hasta el rico patrimonio cultural y la exquisita gastronom\u00eda, vivimos y respiramos Cantabria. Creamos \u00abTu Gu\u00eda Esencial para conocer [&hellip;]<\/p>","protected":false},"author":1,"featured_media":0,"parent":0,"menu_order":0,"comment_status":"closed","ping_status":"closed","template":"","meta":{"_et_pb_use_builder":"on","_et_pb_old_content":"","_et_gb_content_width":"","footnotes":""},"class_list":["post-302","page","type-page","status-publish","hentry"],"yoast_head":"<!-- This site is optimized with the Yoast SEO plugin v27.1.1 - https:\/\/yoast.com\/product\/yoast-seo-wordpress\/ -->\n<title>Con\u00f3cenos - Tu Gu\u00eda Esencial para conocer Cantabria % Conoce Tu gu\u00eda esencial para conocer Cantabria<\/title>\n<meta name=\"description\" content=\"Siente la verdadera esencia de Cantabria. De la costa brava a los Picos de Europa, te guiamos por rincones m\u00e1gicos, cultura y sabores \u00fanicos. \u00a1Empieza tu viaje aqu\u00ed!Por qu\u00e9 es mejor: Sustituye el &quot;descubrir&quot; gen\u00e9rico por &quot;siente&quot; y &quot;guiamos&quot;, creando una conexi\u00f3n personal inmediata.\" \/>\n<meta name=\"robots\" content=\"index, follow, max-snippet:-1, max-image-preview:large, max-video-preview:-1\" \/>\n<link rel=\"canonical\" href=\"https:\/\/www.lmppvees.com\/en\/conocenos-nuestra-mision-vision-y-valores\/\" \/>\n<meta property=\"og:locale\" content=\"en_US\" \/>\n<meta property=\"og:type\" content=\"article\" \/>\n<meta property=\"og:title\" content=\"Con\u00f3cenos - Tu Gu\u00eda Esencial para conocer Cantabria % Conoce Tu gu\u00eda esencial para conocer Cantabria\" \/>\n<meta property=\"og:description\" content=\"Siente la verdadera esencia de Cantabria. De la costa brava a los Picos de Europa, te guiamos por rincones m\u00e1gicos, cultura y sabores \u00fanicos. \u00a1Empieza tu viaje aqu\u00ed!Por qu\u00e9 es mejor: Sustituye el &quot;descubrir&quot; gen\u00e9rico por &quot;siente&quot; y &quot;guiamos&quot;, creando una conexi\u00f3n personal inmediata.\" \/>\n<meta property=\"og:url\" content=\"https:\/\/www.lmppvees.com\/en\/conocenos-nuestra-mision-vision-y-valores\/\" \/>\n<meta property=\"og:site_name\" content=\"Tu Gu\u00eda Esencial para conocer Cantabria\" \/>\n<meta property=\"article:modified_time\" content=\"2025-12-17T12:04:59+00:00\" \/>\n<meta name=\"twitter:card\" content=\"summary_large_image\" \/>\n<meta name=\"twitter:label1\" content=\"Est. reading time\" \/>\n\t<meta name=\"twitter:data1\" content=\"2 minutes\" \/>\n<script type=\"application\/ld+json\" class=\"yoast-schema-graph\">{\"@context\":\"https:\/\/schema.org\",\"@graph\":[{\"@type\":\"WebPage\",\"@id\":\"https:\/\/www.lmppvees.com\/conocenos-nuestra-mision-vision-y-valores\/\",\"url\":\"https:\/\/www.lmppvees.com\/conocenos-nuestra-mision-vision-y-valores\/\",\"name\":\"Con\u00f3cenos - Tu Gu\u00eda Esencial para conocer Cantabria % Conoce Tu gu\u00eda esencial para conocer Cantabria\",\"isPartOf\":{\"@id\":\"https:\/\/www.lmppvees.com\/#website\"},\"datePublished\":\"2025-12-15T21:38:13+00:00\",\"dateModified\":\"2025-12-17T12:04:59+00:00\",\"description\":\"Siente la verdadera esencia de Cantabria. De la costa brava a los Picos de Europa, te guiamos por rincones m\u00e1gicos, cultura y sabores \u00fanicos. \u00a1Empieza tu viaje aqu\u00ed!Por qu\u00e9 es mejor: Sustituye el \\\"descubrir\\\" gen\u00e9rico por \\\"siente\\\" y \\\"guiamos\\\", creando una conexi\u00f3n personal inmediata.\",\"breadcrumb\":{\"@id\":\"https:\/\/www.lmppvees.com\/conocenos-nuestra-mision-vision-y-valores\/#breadcrumb\"},\"inLanguage\":\"en-US\",\"potentialAction\":[{\"@type\":\"ReadAction\",\"target\":[\"https:\/\/www.lmppvees.com\/conocenos-nuestra-mision-vision-y-valores\/\"]}]},{\"@type\":\"BreadcrumbList\",\"@id\":\"https:\/\/www.lmppvees.com\/conocenos-nuestra-mision-vision-y-valores\/#breadcrumb\",\"itemListElement\":[{\"@type\":\"ListItem\",\"position\":1,\"name\":\"Portada\",\"item\":\"https:\/\/www.lmppvees.com\/\"},{\"@type\":\"ListItem\",\"position\":2,\"name\":\"Con\u00f3cenos\"}]},{\"@type\":\"WebSite\",\"@id\":\"https:\/\/www.lmppvees.com\/#website\",\"url\":\"https:\/\/www.lmppvees.com\/\",\"name\":\"Tu Gu\u00eda Esencial para conocer Cantabria\",\"description\":\"Descubre lo mejor de Cantabria: naturaleza, gastronom\u00eda, monumentos y servicios.\",\"potentialAction\":[{\"@type\":\"SearchAction\",\"target\":{\"@type\":\"EntryPoint\",\"urlTemplate\":\"https:\/\/www.lmppvees.com\/?s={search_term_string}\"},\"query-input\":{\"@type\":\"PropertyValueSpecification\",\"valueRequired\":true,\"valueName\":\"search_term_string\"}}],\"inLanguage\":\"en-US\"}]}<\/script>\n<!-- \/ Yoast SEO plugin. -->","yoast_head_json":{"title":"Con\u00f3cenos - Tu Gu\u00eda Esencial para conocer Cantabria % Conoce Tu gu\u00eda esencial para conocer Cantabria","description":"Siente la verdadera esencia de Cantabria. De la costa brava a los Picos de Europa, te guiamos por rincones m\u00e1gicos, cultura y sabores \u00fanicos. \u00a1Empieza tu viaje aqu\u00ed!Por qu\u00e9 es mejor: Sustituye el \"descubrir\" gen\u00e9rico por \"siente\" y \"guiamos\", creando una conexi\u00f3n personal inmediata.","robots":{"index":"index","follow":"follow","max-snippet":"max-snippet:-1","max-image-preview":"max-image-preview:large","max-video-preview":"max-video-preview:-1"},"canonical":"https:\/\/www.lmppvees.com\/en\/conocenos-nuestra-mision-vision-y-valores\/","og_locale":"en_US","og_type":"article","og_title":"Con\u00f3cenos - Tu Gu\u00eda Esencial para conocer Cantabria % Conoce Tu gu\u00eda esencial para conocer Cantabria","og_description":"Siente la verdadera esencia de Cantabria. De la costa brava a los Picos de Europa, te guiamos por rincones m\u00e1gicos, cultura y sabores \u00fanicos. \u00a1Empieza tu viaje aqu\u00ed!Por qu\u00e9 es mejor: Sustituye el \"descubrir\" gen\u00e9rico por \"siente\" y \"guiamos\", creando una conexi\u00f3n personal inmediata.","og_url":"https:\/\/www.lmppvees.com\/en\/conocenos-nuestra-mision-vision-y-valores\/","og_site_name":"Tu Gu\u00eda Esencial para conocer Cantabria","article_modified_time":"2025-12-17T12:04:59+00:00","twitter_card":"summary_large_image","twitter_misc":{"Est. reading time":"2 minutes"},"schema":{"@context":"https:\/\/schema.org","@graph":[{"@type":"WebPage","@id":"https:\/\/www.lmppvees.com\/conocenos-nuestra-mision-vision-y-valores\/","url":"https:\/\/www.lmppvees.com\/conocenos-nuestra-mision-vision-y-valores\/","name":"Con\u00f3cenos - Tu Gu\u00eda Esencial para conocer Cantabria % Conoce Tu gu\u00eda esencial para conocer Cantabria","isPartOf":{"@id":"https:\/\/www.lmppvees.com\/#website"},"datePublished":"2025-12-15T21:38:13+00:00","dateModified":"2025-12-17T12:04:59+00:00","description":"Siente la verdadera esencia de Cantabria. De la costa brava a los Picos de Europa, te guiamos por rincones m\u00e1gicos, cultura y sabores \u00fanicos. \u00a1Empieza tu viaje aqu\u00ed!Por qu\u00e9 es mejor: Sustituye el \"descubrir\" gen\u00e9rico por \"siente\" y \"guiamos\", creando una conexi\u00f3n personal inmediata.","breadcrumb":{"@id":"https:\/\/www.lmppvees.com\/conocenos-nuestra-mision-vision-y-valores\/#breadcrumb"},"inLanguage":"en-US","potentialAction":[{"@type":"ReadAction","target":["https:\/\/www.lmppvees.com\/conocenos-nuestra-mision-vision-y-valores\/"]}]},{"@type":"BreadcrumbList","@id":"https:\/\/www.lmppvees.com\/conocenos-nuestra-mision-vision-y-valores\/#breadcrumb","itemListElement":[{"@type":"ListItem","position":1,"name":"Portada","item":"https:\/\/www.lmppvees.com\/"},{"@type":"ListItem","position":2,"name":"Con\u00f3cenos"}]},{"@type":"WebSite","@id":"https:\/\/www.lmppvees.com\/#website","url":"https:\/\/www.lmppvees.com\/","name":"Tu Gu\u00eda Esencial para conocer Cantabria","description":"Descubre lo mejor de Cantabria: naturaleza, gastronom\u00eda, monumentos y servicios.","potentialAction":[{"@type":"SearchAction","target":{"@type":"EntryPoint","urlTemplate":"https:\/\/www.lmppvees.com\/?s={search_term_string}"},"query-input":{"@type":"PropertyValueSpecification","valueRequired":true,"valueName":"search_term_string"}}],"inLanguage":"en-US"}]}},"_links":{"self":[{"href":"https:\/\/www.lmppvees.com\/en\/wp-json\/wp\/v2\/pages\/302","targetHints":{"allow":["GET"]}}],"collection":[{"href":"https:\/\/www.lmppvees.com\/en\/wp-json\/wp\/v2\/pages"}],"about":[{"href":"https:\/\/www.lmppvees.com\/en\/wp-json\/wp\/v2\/types\/page"}],"author":[{"embeddable":true,"href":"https:\/\/www.lmppvees.com\/en\/wp-json\/wp\/v2\/users\/1"}],"replies":[{"embeddable":true,"href":"https:\/\/www.lmppvees.com\/en\/wp-json\/wp\/v2\/comments?post=302"}],"version-history":[{"count":7,"href":"https:\/\/www.lmppvees.com\/en\/wp-json\/wp\/v2\/pages\/302\/revisions"}],"predecessor-version":[{"id":319,"href":"https:\/\/www.lmppvees.com\/en\/wp-json\/wp\/v2\/pages\/302\/revisions\/319"}],"wp:attachment":[{"href":"https:\/\/www.lmppvees.com\/en\/wp-json\/wp\/v2\/media?parent=302"}],"curies":[{"name":"wp","href":"https:\/\/api.w.org\/{rel}","templated":true}]}}