{"id":25,"date":"2025-12-11T11:00:03","date_gmt":"2025-12-11T11:00:03","guid":{"rendered":"https:\/\/www.lmppvees.com\/?page_id=25"},"modified":"2026-03-06T18:53:16","modified_gmt":"2026-03-06T18:53:16","slug":"home","status":"publish","type":"page","link":"https:\/\/www.lmppvees.com\/en\/","title":{"rendered":"Home"},"content":{"rendered":"<p>[et_pb_section fb_built=\u00bb1&#8243; _builder_version=\u00bb4.27.5&#8243; _module_preset=\u00bbdefault\u00bb background_color=\u00bbrgba(155,155,155,0.45)\u00bb use_background_color_gradient=\u00bbon\u00bb background_color_gradient_repeat=\u00bbon\u00bb background_color_gradient_direction=\u00bb185deg\u00bb background_color_gradient_stops=\u00bbrgba(0,7,10,0.02) 61px|rgba(20,20,20,0.01) 99px\u00bb background_color_gradient_unit=\u00bbpx\u00bb background_color_gradient_overlays_image=\u00bbon\u00bb background_image=\u00bbhttps:\/\/www.lmppvees.com\/wp-content\/uploads\/2025\/12\/pexels-thelionics-15520700-scaled.jpg\u00bb width=\u00bb100%\u00bb max_width=\u00bb100%\u00bb min_height=\u00bb444px\u00bb height=\u00bb567px\u00bb max_height=\u00bb585px\u00bb custom_margin=\u00bb||-1px|||\u00bb custom_padding=\u00bb462px|0px|462px|0px|true|\u00bb global_colors_info=\u00bb{}\u00bb][et_pb_row use_custom_gutter=\u00bbon\u00bb gutter_width=\u00bb4&#8243; make_equal=\u00bbon\u00bb _builder_version=\u00bb4.27.5&#8243; _module_preset=\u00bbdefault\u00bb max_width=\u00bb2126px\u00bb module_alignment=\u00bbcenter\u00bb min_height=\u00bb100px\u00bb height=\u00bb100px\u00bb max_height=\u00bb100px\u00bb custom_margin=\u00bb-257px|auto||70px|false|false\u00bb custom_margin_tablet=\u00bb-257px|auto||70px|false|false\u00bb custom_margin_phone=\u00bb-257px|auto||70px|false|false\u00bb custom_margin_last_edited=\u00bbon|desktop\u00bb custom_padding=\u00bb30px||||false|false\u00bb global_colors_info=\u00bb{}\u00bb gutter_width__hover_enabled=\u00bbon|desktop\u00bb gutter_width__hover=\u00bb4&#8243;][et_pb_column type=\u00bb4_4&#8243; _builder_version=\u00bb4.27.4&#8243; _module_preset=\u00bbdefault\u00bb global_colors_info=\u00bb{}\u00bb][et_pb_text _builder_version=\u00bb4.27.5&#8243; _module_preset=\u00bbdefault\u00bb text_font=\u00bb&#8211;et_global_heading_font|700|||||||\u00bb text_font_size=\u00bb16px\u00bb text_line_height=\u00bb1.8em\u00bb header_font=\u00bb&#8211;et_global_heading_font|700|||||||\u00bb header_text_align=\u00bbcenter\u00bb header_text_color=\u00bb#0c0909&#8243; header_font_size=\u00bb49px\u00bb header_line_height=\u00bb1.5em\u00bb background_enable_image=\u00bboff\u00bb background_size=\u00bbstretch\u00bb background_blend=\u00bboverlay\u00bb width=\u00bb96.1%\u00bb max_width=\u00bb100%\u00bb module_alignment=\u00bbcenter\u00bb min_height=\u00bb100px\u00bb height=\u00bb100px\u00bb max_height=\u00bb100px\u00bb custom_margin=\u00bb-75px|0px|0px|0px|false|false\u00bb custom_margin_tablet=\u00bb-47px|0px|0px|0px|false|false\u00bb custom_margin_phone=\u00bb-151px|0px|0px|0px|false|false\u00bb custom_margin_last_edited=\u00bbon|phone\u00bb custom_padding=\u00bb4px|0px|4px|0px|false|false\u00bb filter_brightness=\u00bb128%\u00bb filter_contrast=\u00bb124%\u00bb filter_sepia=\u00bb100%\u00bb mix_blend_mode=\u00bbhue\u00bb text_font_tablet=\u00bb&#8211;et_global_heading_font|700|||||||\u00bb text_font_phone=\u00bb&#8211;et_global_heading_font|700|||||||\u00bb text_font_last_edited=\u00bbon|phone\u00bb text_font_size_tablet=\u00bb16px\u00bb text_font_size_phone=\u00bb20px\u00bb text_font_size_last_edited=\u00bbon|phone\u00bb header_text_color_tablet=\u00bb#0c0909&#8243; header_text_color_phone=\u00bb#0c0909&#8243; header_text_color_last_edited=\u00bbon|phone\u00bb header_font_size_tablet=\u00bb24px\u00bb header_font_size_phone=\u00bb30px\u00bb header_font_size_last_edited=\u00bbon|desktop\u00bb header_line_height_tablet=\u00bb1.5em\u00bb header_line_height_phone=\u00bb1.5em\u00bb header_line_height_last_edited=\u00bbon|desktop\u00bb header_text_shadow_style=\u00bbpreset2&#8243; global_colors_info=\u00bb{}\u00bb]<\/p>\n<h1 style=\"text-align: center;\"><span style=\"color: #060014;\">Cantabria <\/span><strong>Infinita:<br \/>Tu Gu\u00eda Esencial para conocer <\/strong><span style=\"color: #09002d;\">Cantabria<\/span><\/h1>\n<p>[\/et_pb_text][et_pb_text _builder_version=\u00bb4.27.5&#8243; _module_preset=\u00bbdefault\u00bb text_font=\u00bb&#8211;et_global_heading_font|700|||||||\u00bb text_text_color=\u00bb#FFFFFF\u00bb text_font_size=\u00bb30px\u00bb text_line_height=\u00bb1.5em\u00bb background_enable_color=\u00bboff\u00bb use_background_color_gradient=\u00bbon\u00bb background_color_gradient_repeat=\u00bbon\u00bb background_color_gradient_stops=\u00bbrgba(0,26,51,0) 46%|rgba(0,26,51,0) 50%\u00bb background_color_gradient_overlays_image=\u00bbon\u00bb text_orientation=\u00bbcenter\u00bb width=\u00bb94%\u00bb module_alignment=\u00bbcenter\u00bb overflow-x=\u00bbvisible\u00bb overflow-y=\u00bbvisible\u00bb custom_margin=\u00bb52px|15px||15px|false|false\u00bb custom_margin_tablet=\u00bb20px|15px||15px|false|false\u00bb custom_margin_phone=\u00bb41px|15px||15px|false|false\u00bb custom_margin_last_edited=\u00bbon|phone\u00bb custom_padding=\u00bb5px|4px|11px|4px|false|false\u00bb text_font_size_tablet=\u00bb19px\u00bb text_font_size_phone=\u00bb19px\u00bb text_font_size_last_edited=\u00bbon|phone\u00bb text_text_shadow_style=\u00bbpreset1&#8243; text_text_shadow_color=\u00bbrgba(0,0,0,0.89)\u00bb global_colors_info=\u00bb{}\u00bb]<\/p>\n<p>Descubre sus Puntos de Inter\u00e9s y todos los Servicios locales<\/p>\n<p>[\/et_pb_text][\/et_pb_column][\/et_pb_row][et_pb_row column_structure=\u00bb1_5,1_5,1_5,1_5,1_5&#8243; disabled_on=\u00bboff|off|off\u00bb _builder_version=\u00bb4.27.4&#8243; _module_preset=\u00bbdefault\u00bb custom_margin=\u00bb90px||0px||false|false\u00bb custom_padding=\u00bb35px||0px||false|false\u00bb global_colors_info=\u00bb{}\u00bb][et_pb_column type=\u00bb1_5&#8243; _builder_version=\u00bb4.27.4&#8243; _module_preset=\u00bbdefault\u00bb global_colors_info=\u00bb{}\u00bb][et_pb_button button_url=\u00bbhttps:\/\/www.lmppvees.com\/2025\/12\/14\/playas-de-santander\/\u00bb button_text=\u00bbMejores Playas\u00bb button_alignment=\u00bbcenter\u00bb admin_label=\u00bbBot\u00f3n\u00bb _builder_version=\u00bb4.27.5&#8243; _module_preset=\u00bbdefault\u00bb custom_button=\u00bbon\u00bb button_text_size=\u00bb20px\u00bb button_text_color=\u00bb#FFFFFF\u00bb button_bg_color=\u00bb#2d5a27&#8243; button_border_width=\u00bb0px\u00bb button_border_color=\u00bb#000000&#8243; button_border_radius=\u00bb44px\u00bb button_letter_spacing=\u00bb0px\u00bb button_font=\u00bbBrygada 1918|700|||||||\u00bb button_icon=\u00bb&#x21;||divi||400&#8243; button_icon_placement=\u00bbleft\u00bb background_layout=\u00bbdark\u00bb custom_margin=\u00bb-5px||4px||false|false\u00bb custom_margin_tablet=\u00bb-5px||4px||false|false\u00bb custom_margin_phone=\u00bb-4px||2px||false|false\u00bb custom_margin_last_edited=\u00bbon|phone\u00bb custom_padding=\u00bb2px||2px||true|false\u00bb filter_invert=\u00bb27%\u00bb button_text_size_tablet=\u00bb14px\u00bb button_text_size_phone=\u00bb14px\u00bb button_text_size_last_edited=\u00bbon|desktop\u00bb button_icon_tablet=\u00bb\u00bb button_icon_phone=\u00bbA||divi||400&#8243; button_icon_last_edited=\u00bbon|desktop\u00bb button_text_shadow_style=\u00bbpreset3&#8243; global_colors_info=\u00bb{}\u00bb][\/et_pb_button][\/et_pb_column][et_pb_column type=\u00bb1_5&#8243; _builder_version=\u00bb4.27.4&#8243; _module_preset=\u00bbdefault\u00bb global_colors_info=\u00bb{}\u00bb][et_pb_button button_url=\u00bbhttps:\/\/www.lmppvees.com\/2025\/12\/11\/los-10-restaurantes-imprescindibles-en-santander\/\u00bb url_new_window=\u00bbon\u00bb button_text=\u00bbRestaurantes\u00bb button_alignment=\u00bbcenter\u00bb _builder_version=\u00bb4.27.5&#8243; _module_preset=\u00bbdefault\u00bb custom_button=\u00bbon\u00bb button_text_size=\u00bb20px\u00bb button_text_color=\u00bb#FFFFFF\u00bb button_bg_color=\u00bb#2d5a27&#8243; button_border_width=\u00bb0px\u00bb button_border_color=\u00bb#000000&#8243; button_border_radius=\u00bb44px\u00bb button_letter_spacing=\u00bb0px\u00bb button_font=\u00bbBrygada 1918|700|||||||\u00bb button_icon=\u00bb&#x21;||divi||400&#8243; button_icon_placement=\u00bbleft\u00bb background_layout=\u00bbdark\u00bb custom_margin=\u00bb-5px||4px||false|false\u00bb custom_margin_tablet=\u00bb-5px||4px||false|false\u00bb custom_margin_phone=\u00bb-4px||2px||false|false\u00bb custom_margin_last_edited=\u00bbon|phone\u00bb custom_padding=\u00bb2px||2px||true|false\u00bb filter_invert=\u00bb27%\u00bb button_text_size_tablet=\u00bb14px\u00bb button_text_size_phone=\u00bb14px\u00bb button_text_size_last_edited=\u00bbon|desktop\u00bb button_icon_tablet=\u00bb\u00bb button_icon_phone=\u00bbA||divi||400&#8243; button_icon_last_edited=\u00bbon|desktop\u00bb button_text_shadow_style=\u00bbpreset3&#8243; global_colors_info=\u00bb{}\u00bb][\/et_pb_button][\/et_pb_column][et_pb_column type=\u00bb1_5&#8243; _builder_version=\u00bb4.27.4&#8243; _module_preset=\u00bbdefault\u00bb global_colors_info=\u00bb{}\u00bb][et_pb_button button_url=\u00bbhttps:\/\/www.lmppvees.com\/2025\/12\/11\/recetas-de-cantabria\/\u00bb url_new_window=\u00bbon\u00bb button_text=\u00bbRecetas\u00bb button_alignment=\u00bbcenter\u00bb _builder_version=\u00bb4.27.5&#8243; _module_preset=\u00bbdefault\u00bb custom_button=\u00bbon\u00bb button_text_size=\u00bb20px\u00bb button_text_color=\u00bb#FFFFFF\u00bb button_bg_color=\u00bb#2d5a27&#8243; button_border_width=\u00bb0px\u00bb button_border_color=\u00bb#000000&#8243; button_border_radius=\u00bb44px\u00bb button_letter_spacing=\u00bb0px\u00bb button_font=\u00bbBrygada 1918|700|||||||\u00bb button_icon=\u00bb&#x21;||divi||400&#8243; button_icon_placement=\u00bbleft\u00bb background_layout=\u00bbdark\u00bb custom_margin=\u00bb-5px||4px||false|false\u00bb custom_margin_tablet=\u00bb-5px||4px||false|false\u00bb custom_margin_phone=\u00bb-4px||2px||false|false\u00bb custom_margin_last_edited=\u00bbon|phone\u00bb custom_padding=\u00bb2px||2px||true|false\u00bb filter_invert=\u00bb27%\u00bb button_text_size_tablet=\u00bb14px\u00bb button_text_size_phone=\u00bb14px\u00bb button_text_size_last_edited=\u00bbon|desktop\u00bb button_icon_tablet=\u00bb\u00bb button_icon_phone=\u00bbA||divi||400&#8243; button_icon_last_edited=\u00bbon|desktop\u00bb button_text_shadow_style=\u00bbpreset3&#8243; global_colors_info=\u00bb{}\u00bb][\/et_pb_button][\/et_pb_column][et_pb_column type=\u00bb1_5&#8243; _builder_version=\u00bb4.27.4&#8243; _module_preset=\u00bbdefault\u00bb global_colors_info=\u00bb{}\u00bb][et_pb_button button_url=\u00bbhttps:\/\/www.lmppvees.com\/2025\/12\/14\/todos-museos-cantabria\/\u00bb button_text=\u00bbMuseos\u00bb button_alignment=\u00bbcenter\u00bb _builder_version=\u00bb4.27.5&#8243; _module_preset=\u00bbdefault\u00bb custom_button=\u00bbon\u00bb button_text_size=\u00bb20px\u00bb button_text_color=\u00bb#FFFFFF\u00bb button_bg_color=\u00bb#2d5a27&#8243; button_border_width=\u00bb0px\u00bb button_border_color=\u00bb#000000&#8243; button_border_radius=\u00bb44px\u00bb button_letter_spacing=\u00bb0px\u00bb button_font=\u00bbBrygada 1918|700|||||||\u00bb button_icon=\u00bb&#x21;||divi||400&#8243; button_icon_placement=\u00bbleft\u00bb background_layout=\u00bbdark\u00bb custom_margin=\u00bb-5px||4px||false|false\u00bb custom_margin_tablet=\u00bb-5px||4px||false|false\u00bb custom_margin_phone=\u00bb-4px||2px||false|false\u00bb custom_margin_last_edited=\u00bbon|phone\u00bb custom_padding=\u00bb2px||2px||true|false\u00bb filter_invert=\u00bb27%\u00bb button_text_size_tablet=\u00bb14px\u00bb button_text_size_phone=\u00bb14px\u00bb button_text_size_last_edited=\u00bbon|desktop\u00bb button_icon_tablet=\u00bb\u00bb button_icon_phone=\u00bbA||divi||400&#8243; button_icon_last_edited=\u00bbon|desktop\u00bb button_text_shadow_style=\u00bbpreset3&#8243; global_colors_info=\u00bb{}\u00bb][\/et_pb_button][\/et_pb_column][et_pb_column type=\u00bb1_5&#8243; _builder_version=\u00bb4.27.4&#8243; _module_preset=\u00bbdefault\u00bb global_colors_info=\u00bb{}\u00bb][et_pb_button button_url=\u00bbhttps:\/\/www.lmppvees.com\/2025\/12\/11\/ruta-del-cares-guia-completa-de-senderismo-y-accesos\/\u00bb url_new_window=\u00bbon\u00bb button_text=\u00bbRutas de Monta\u00f1a\u00bb button_alignment=\u00bbcenter\u00bb admin_label=\u00bbTurismo y Naturaleza\u00bb _builder_version=\u00bb4.27.5&#8243; _module_preset=\u00bbdefault\u00bb custom_button=\u00bbon\u00bb button_text_size=\u00bb20px\u00bb button_text_color=\u00bb#FFFFFF\u00bb button_bg_color=\u00bb#2d5a27&#8243; button_border_width=\u00bb0px\u00bb button_border_color=\u00bb#000000&#8243; button_border_radius=\u00bb44px\u00bb button_letter_spacing=\u00bb0px\u00bb button_font=\u00bbBrygada 1918|700|||||||\u00bb button_icon=\u00bb&#x21;||divi||400&#8243; button_icon_placement=\u00bbleft\u00bb background_layout=\u00bbdark\u00bb custom_margin=\u00bb-5px||4px||false|false\u00bb custom_margin_tablet=\u00bb-5px||4px||false|false\u00bb custom_margin_phone=\u00bb-4px||2px||false|false\u00bb custom_margin_last_edited=\u00bbon|phone\u00bb custom_padding=\u00bb2px||2px||true|false\u00bb filter_invert=\u00bb27%\u00bb button_text_size_tablet=\u00bb14px\u00bb button_text_size_phone=\u00bb14px\u00bb button_text_size_last_edited=\u00bbon|desktop\u00bb button_icon_tablet=\u00bb\u00bb button_icon_phone=\u00bbA||divi||400&#8243; button_icon_last_edited=\u00bbon|desktop\u00bb button_text_shadow_style=\u00bbpreset3&#8243; global_colors_info=\u00bb{}\u00bb][\/et_pb_button][\/et_pb_column][\/et_pb_row][\/et_pb_section][et_pb_section fb_built=\u00bb1&#8243; _builder_version=\u00bb4.27.4&#8243; _module_preset=\u00bbdefault\u00bb background_color=\u00bb#f5f5f5&#8243; global_colors_info=\u00bb{}\u00bb][et_pb_row _builder_version=\u00bb4.27.4&#8243; _module_preset=\u00bbdefault\u00bb global_colors_info=\u00bb{}\u00bb][et_pb_column type=\u00bb4_4&#8243; _builder_version=\u00bb4.27.4&#8243; _module_preset=\u00bbdefault\u00bb global_colors_info=\u00bb{}\u00bb][et_pb_blurb title=\u00bbCantabria Infinita: Gu\u00eda completa para enamorarte del norte\u00bb image=\u00bbhttps:\/\/www.lmppvees.com\/wp-content\/uploads\/2025\/12\/Flag_of_Cantabria_Official.svg_.png\u00bb _builder_version=\u00bb4.27.5&#8243; _module_preset=\u00bbdefault\u00bb hover_enabled=\u00bb0&#8243; global_colors_info=\u00bb{}\u00bb alt=\u00bbBandera de Cantabria\u00bb sticky_enabled=\u00bb0&#8243;]<\/p>\n<p>Si buscas un destino donde el verde de la monta\u00f1a se funde con el azul del Cant\u00e1brico, Cantabria es tu lugar. \u00abLa Tierruca\u00bb, como la llaman cari\u00f1osamente sus habitantes, es un peque\u00f1o para\u00edso que guarda tesoros desde la Prehistoria hasta la vanguardia arquitect\u00f3nica.<\/p>\n<p>[\/et_pb_blurb][et_pb_divider show_divider=\u00bboff\u00bb _builder_version=\u00bb4.27.4&#8243; _module_preset=\u00bbdefault\u00bb global_colors_info=\u00bb{}\u00bb][\/et_pb_divider][et_pb_text _builder_version=\u00bb4.27.4&#8243; _module_preset=\u00bbdefault\u00bb global_colors_info=\u00bb{}\u00bb]<\/p>\n<h1>Destacado<\/h1>\n<p>[\/et_pb_text][\/et_pb_column][\/et_pb_row][et_pb_row column_structure=\u00bb1_3,1_3,1_3&#8243; _builder_version=\u00bb4.27.4&#8243; _module_preset=\u00bbdefault\u00bb global_colors_info=\u00bb{}\u00bb][et_pb_column type=\u00bb1_3&#8243; _builder_version=\u00bb4.27.4&#8243; _module_preset=\u00bbdefault\u00bb global_colors_info=\u00bb{}\u00bb][et_pb_blog posts_number=\u00bb1&#8243; include_categories=\u00bb35&#8243; _builder_version=\u00bb4.27.4&#8243; _module_preset=\u00bbdefault\u00bb global_colors_info=\u00bb{}\u00bb][\/et_pb_blog][\/et_pb_column][et_pb_column type=\u00bb1_3&#8243; _builder_version=\u00bb4.27.4&#8243; _module_preset=\u00bbdefault\u00bb global_colors_info=\u00bb{}\u00bb][et_pb_blog posts_number=\u00bb1&#8243; include_categories=\u00bb32&#8243; _builder_version=\u00bb4.27.4&#8243; _module_preset=\u00bbdefault\u00bb global_colors_info=\u00bb{}\u00bb][\/et_pb_blog][\/et_pb_column][et_pb_column type=\u00bb1_3&#8243; _builder_version=\u00bb4.27.4&#8243; _module_preset=\u00bbdefault\u00bb global_colors_info=\u00bb{}\u00bb][et_pb_blog include_categories=\u00bb33&#8243; _builder_version=\u00bb4.27.4&#8243; _module_preset=\u00bbdefault\u00bb global_colors_info=\u00bb{}\u00bb][\/et_pb_blog][\/et_pb_column][\/et_pb_row][\/et_pb_section]<\/p>","protected":false},"excerpt":{"rendered":"<p>Cantabria Infinita:Tu Gu\u00eda Esencial para conocer CantabriaDescubre sus Puntos de Inter\u00e9s y todos los Servicios localesSi buscas un destino donde el verde de la monta\u00f1a se funde con el azul del Cant\u00e1brico, Cantabria es tu lugar. \u00abLa Tierruca\u00bb, como la llaman cari\u00f1osamente sus habitantes, es un peque\u00f1o para\u00edso que guarda tesoros desde la Prehistoria hasta [&hellip;]<\/p>","protected":false},"author":1,"featured_media":89,"parent":0,"menu_order":1,"comment_status":"closed","ping_status":"closed","template":"","meta":{"_et_pb_use_builder":"on","_et_pb_old_content":"","_et_gb_content_width":"","footnotes":""},"class_list":["post-25","page","type-page","status-publish","has-post-thumbnail","hentry"],"yoast_head":"<!-- This site is optimized with the Yoast SEO plugin v27.1.1 - https:\/\/yoast.com\/product\/yoast-seo-wordpress\/ -->\n<title>Home - Tu Gu\u00eda Esencial para conocer Cantabria<\/title>\n<meta name=\"robots\" content=\"index, follow, max-snippet:-1, max-image-preview:large, max-video-preview:-1\" \/>\n<link rel=\"canonical\" href=\"https:\/\/www.lmppvees.com\/en\/\" \/>\n<meta property=\"og:locale\" content=\"en_US\" \/>\n<meta property=\"og:type\" content=\"article\" \/>\n<meta property=\"og:title\" content=\"Home - Tu Gu\u00eda Esencial para conocer Cantabria\" \/>\n<meta property=\"og:description\" content=\"Cantabria Infinita:Tu Gu\u00eda Esencial para conocer CantabriaDescubre sus Puntos de Inter\u00e9s y todos los Servicios localesSi buscas un destino donde el verde de la monta\u00f1a se funde con el azul del Cant\u00e1brico, Cantabria es tu lugar. &quot;La Tierruca&quot;, como la llaman cari\u00f1osamente sus habitantes, es un peque\u00f1o para\u00edso que guarda tesoros desde la Prehistoria hasta [&hellip;]\" \/>\n<meta property=\"og:url\" content=\"https:\/\/www.lmppvees.com\/en\/\" \/>\n<meta property=\"og:site_name\" content=\"Tu Gu\u00eda Esencial para conocer Cantabria\" \/>\n<meta property=\"article:modified_time\" content=\"2026-03-06T18:53:16+00:00\" \/>\n<meta property=\"og:image\" content=\"https:\/\/www.lmppvees.com\/wp-content\/uploads\/2025\/12\/beach-6573243_1920.jpg\" \/>\n\t<meta property=\"og:image:width\" content=\"1920\" \/>\n\t<meta property=\"og:image:height\" content=\"1280\" \/>\n\t<meta property=\"og:image:type\" content=\"image\/jpeg\" \/>\n<meta name=\"twitter:card\" content=\"summary_large_image\" \/>\n<meta name=\"twitter:label1\" content=\"Est. reading time\" \/>\n\t<meta name=\"twitter:data1\" content=\"1 minute\" \/>\n<script type=\"application\/ld+json\" class=\"yoast-schema-graph\">{\"@context\":\"https:\/\/schema.org\",\"@graph\":[{\"@type\":\"WebPage\",\"@id\":\"https:\/\/www.lmppvees.com\/\",\"url\":\"https:\/\/www.lmppvees.com\/\",\"name\":\"Home - Tu Gu\u00eda Esencial para conocer Cantabria\",\"isPartOf\":{\"@id\":\"https:\/\/www.lmppvees.com\/#website\"},\"primaryImageOfPage\":{\"@id\":\"https:\/\/www.lmppvees.com\/#primaryimage\"},\"image\":{\"@id\":\"https:\/\/www.lmppvees.com\/#primaryimage\"},\"thumbnailUrl\":\"https:\/\/www.lmppvees.com\/wp-content\/uploads\/2025\/12\/beach-6573243_1920.jpg\",\"datePublished\":\"2025-12-11T11:00:03+00:00\",\"dateModified\":\"2026-03-06T18:53:16+00:00\",\"breadcrumb\":{\"@id\":\"https:\/\/www.lmppvees.com\/#breadcrumb\"},\"inLanguage\":\"en-US\",\"potentialAction\":[{\"@type\":\"ReadAction\",\"target\":[\"https:\/\/www.lmppvees.com\/\"]}]},{\"@type\":\"ImageObject\",\"inLanguage\":\"en-US\",\"@id\":\"https:\/\/www.lmppvees.com\/#primaryimage\",\"url\":\"https:\/\/www.lmppvees.com\/wp-content\/uploads\/2025\/12\/beach-6573243_1920.jpg\",\"contentUrl\":\"https:\/\/www.lmppvees.com\/wp-content\/uploads\/2025\/12\/beach-6573243_1920.jpg\",\"width\":1920,\"height\":1280},{\"@type\":\"BreadcrumbList\",\"@id\":\"https:\/\/www.lmppvees.com\/#breadcrumb\",\"itemListElement\":[{\"@type\":\"ListItem\",\"position\":1,\"name\":\"Portada\",\"item\":\"https:\/\/www.lmppvees.com\/\"},{\"@type\":\"ListItem\",\"position\":2,\"name\":\"Home\"}]},{\"@type\":\"WebSite\",\"@id\":\"https:\/\/www.lmppvees.com\/#website\",\"url\":\"https:\/\/www.lmppvees.com\/\",\"name\":\"Tu Gu\u00eda Esencial para conocer Cantabria\",\"description\":\"Descubre lo mejor de Cantabria: naturaleza, gastronom\u00eda, monumentos y servicios.\",\"potentialAction\":[{\"@type\":\"SearchAction\",\"target\":{\"@type\":\"EntryPoint\",\"urlTemplate\":\"https:\/\/www.lmppvees.com\/?s={search_term_string}\"},\"query-input\":{\"@type\":\"PropertyValueSpecification\",\"valueRequired\":true,\"valueName\":\"search_term_string\"}}],\"inLanguage\":\"en-US\"}]}<\/script>\n<!-- \/ Yoast SEO plugin. -->","yoast_head_json":{"title":"Home - Tu Gu\u00eda Esencial para conocer Cantabria","robots":{"index":"index","follow":"follow","max-snippet":"max-snippet:-1","max-image-preview":"max-image-preview:large","max-video-preview":"max-video-preview:-1"},"canonical":"https:\/\/www.lmppvees.com\/en\/","og_locale":"en_US","og_type":"article","og_title":"Home - Tu Gu\u00eda Esencial para conocer Cantabria","og_description":"Cantabria Infinita:Tu Gu\u00eda Esencial para conocer CantabriaDescubre sus Puntos de Inter\u00e9s y todos los Servicios localesSi buscas un destino donde el verde de la monta\u00f1a se funde con el azul del Cant\u00e1brico, Cantabria es tu lugar. \"La Tierruca\", como la llaman cari\u00f1osamente sus habitantes, es un peque\u00f1o para\u00edso que guarda tesoros desde la Prehistoria hasta [&hellip;]","og_url":"https:\/\/www.lmppvees.com\/en\/","og_site_name":"Tu Gu\u00eda Esencial para conocer Cantabria","article_modified_time":"2026-03-06T18:53:16+00:00","og_image":[{"width":1920,"height":1280,"url":"https:\/\/www.lmppvees.com\/wp-content\/uploads\/2025\/12\/beach-6573243_1920.jpg","type":"image\/jpeg"}],"twitter_card":"summary_large_image","twitter_misc":{"Est. reading time":"1 minute"},"schema":{"@context":"https:\/\/schema.org","@graph":[{"@type":"WebPage","@id":"https:\/\/www.lmppvees.com\/","url":"https:\/\/www.lmppvees.com\/","name":"Home - Tu Gu\u00eda Esencial para conocer Cantabria","isPartOf":{"@id":"https:\/\/www.lmppvees.com\/#website"},"primaryImageOfPage":{"@id":"https:\/\/www.lmppvees.com\/#primaryimage"},"image":{"@id":"https:\/\/www.lmppvees.com\/#primaryimage"},"thumbnailUrl":"https:\/\/www.lmppvees.com\/wp-content\/uploads\/2025\/12\/beach-6573243_1920.jpg","datePublished":"2025-12-11T11:00:03+00:00","dateModified":"2026-03-06T18:53:16+00:00","breadcrumb":{"@id":"https:\/\/www.lmppvees.com\/#breadcrumb"},"inLanguage":"en-US","potentialAction":[{"@type":"ReadAction","target":["https:\/\/www.lmppvees.com\/"]}]},{"@type":"ImageObject","inLanguage":"en-US","@id":"https:\/\/www.lmppvees.com\/#primaryimage","url":"https:\/\/www.lmppvees.com\/wp-content\/uploads\/2025\/12\/beach-6573243_1920.jpg","contentUrl":"https:\/\/www.lmppvees.com\/wp-content\/uploads\/2025\/12\/beach-6573243_1920.jpg","width":1920,"height":1280},{"@type":"BreadcrumbList","@id":"https:\/\/www.lmppvees.com\/#breadcrumb","itemListElement":[{"@type":"ListItem","position":1,"name":"Portada","item":"https:\/\/www.lmppvees.com\/"},{"@type":"ListItem","position":2,"name":"Home"}]},{"@type":"WebSite","@id":"https:\/\/www.lmppvees.com\/#website","url":"https:\/\/www.lmppvees.com\/","name":"Tu Gu\u00eda Esencial para conocer Cantabria","description":"Descubre lo mejor de Cantabria: naturaleza, gastronom\u00eda, monumentos y servicios.","potentialAction":[{"@type":"SearchAction","target":{"@type":"EntryPoint","urlTemplate":"https:\/\/www.lmppvees.com\/?s={search_term_string}"},"query-input":{"@type":"PropertyValueSpecification","valueRequired":true,"valueName":"search_term_string"}}],"inLanguage":"en-US"}]}},"_links":{"self":[{"href":"https:\/\/www.lmppvees.com\/en\/wp-json\/wp\/v2\/pages\/25","targetHints":{"allow":["GET"]}}],"collection":[{"href":"https:\/\/www.lmppvees.com\/en\/wp-json\/wp\/v2\/pages"}],"about":[{"href":"https:\/\/www.lmppvees.com\/en\/wp-json\/wp\/v2\/types\/page"}],"author":[{"embeddable":true,"href":"https:\/\/www.lmppvees.com\/en\/wp-json\/wp\/v2\/users\/1"}],"replies":[{"embeddable":true,"href":"https:\/\/www.lmppvees.com\/en\/wp-json\/wp\/v2\/comments?post=25"}],"version-history":[{"count":55,"href":"https:\/\/www.lmppvees.com\/en\/wp-json\/wp\/v2\/pages\/25\/revisions"}],"predecessor-version":[{"id":525,"href":"https:\/\/www.lmppvees.com\/en\/wp-json\/wp\/v2\/pages\/25\/revisions\/525"}],"wp:featuredmedia":[{"embeddable":true,"href":"https:\/\/www.lmppvees.com\/en\/wp-json\/wp\/v2\/media\/89"}],"wp:attachment":[{"href":"https:\/\/www.lmppvees.com\/en\/wp-json\/wp\/v2\/media?parent=25"}],"curies":[{"name":"wp","href":"https:\/\/api.w.org\/{rel}","templated":true}]}}